{"id":46139,"date":"2025-05-12T08:12:00","date_gmt":"2025-05-12T12:12:00","guid":{"rendered":"https:\/\/dreamonme.ca\/?post_type=product&#038;p=46139"},"modified":"2025-05-12T08:34:57","modified_gmt":"2025-05-12T12:34:57","slug":"harbor-4-in-1-convertible-mini-crib","status":"publish","type":"product","link":"https:\/\/www.dreamonme.ca\/fr\/products\/cribs\/mini-cribs\/harbor-4-in-1-convertible-mini-crib\/","title":{"rendered":"Harbor Petit berceau convertible 4 en 1"},"content":{"rendered":"<p>Le mini-berceau convertible 4 en 1 Harbor est le meuble de chambre d'enfant le plus pratique dont vous avez besoin pour r\u00e9pondre aux besoins changeants de votre enfant en pleine croissance. \u00c0 l'origine un berceau, vous pouvez le transformer en mini-lit de repos et en lit simple (barri\u00e8res de lit vendues s\u00e9par\u00e9ment) \u00e0 mesure que les besoins de votre enfant \u00e9voluent. Le Harbor occupe un petit espace \u2013 id\u00e9al pour les petites garderies ou lorsque vous partagez un espace. Construit en pin massif, il pr\u00e9sente le design traditionnel de Newport \u2013 classique avec une touche contemporaine et des d\u00e9tails de moulures subtils sur la t\u00eate de lit et le pied de lit. Choisissez parmi cinq options de finition pour cr\u00e9er un th\u00e8me de chambre d'enfant a\u00e9r\u00e9. Combinez les bleus, les gris et ajoutez une touche de jaune pour cr\u00e9er une pi\u00e8ce sur le th\u00e8me de la plage ! Le berceau est dot\u00e9 d'un r\u00e9glage de la hauteur du matelas \u00e0 3 positions que vous pouvez ajuster \u00e0 mesure que votre enfant grandit. Choisissez un mini matelas de berceau ou un matelas de berceau portable Dream On Me non toxique et certifi\u00e9 Greenguard Gold pour un ajustement parfait. Chez Dream On Me, la s\u00e9curit\u00e9 est notre priorit\u00e9 absolue. Nos berceaux sont certifi\u00e9s JPMA et sont test\u00e9s pour le plomb et d'autres \u00e9l\u00e9ments toxiques afin de respecter ou de d\u00e9passer les normes de s\u00e9curit\u00e9 gouvernementales et ASTM.<\/p>\n<p><\/p>\n<p class=\"jpma-ggg\" style=\"text-align: center;\"><a href=\"https:\/\/dreamonme.com\/what-is-greenguard-gold-certification\/\" target=\"_blank\" rel=\"noopener noreferrer\"><img decoding=\"async\" class=\"finalist\" style=\"max-width: 105px !important; margin-top: 5px; margin-left: 30px; width: 30%; display: inline-block; padding: 5px;\" src=\"https:\/\/dreamonme.com\/vt1\/wp-content\/uploads\/GREENGUARD.jpg\" alt=\"GREENGUARD GOLD Certified\" \/><\/a><\/p>","protected":false},"excerpt":{"rendered":"<p>The Harbor 4-in-1 Convertible Mini Crib is the most convenient piece of nursery furniture that you need to match the changing needs of your growing child. Starting as a crib, you can convert it into a mini daybed and twin-size bed (bed rails sold separately) as your child\u2019s needs change. The Harbor occupies a small [&hellip;]<\/p>","protected":false},"featured_media":46152,"comment_status":"closed","ping_status":"closed","template":"","meta":[],"product_cat":[35],"product_tag":[],"class_list":["post-46139","product","type-product","status-publish","has-post-thumbnail","hentry","product_cat-mini-cribs"],"_links":{"self":[{"href":"https:\/\/www.dreamonme.ca\/fr\/wp-json\/wp\/v2\/product\/46139","targetHints":{"allow":["GET"]}}],"collection":[{"href":"https:\/\/www.dreamonme.ca\/fr\/wp-json\/wp\/v2\/product"}],"about":[{"href":"https:\/\/www.dreamonme.ca\/fr\/wp-json\/wp\/v2\/types\/product"}],"replies":[{"embeddable":true,"href":"https:\/\/www.dreamonme.ca\/fr\/wp-json\/wp\/v2\/comments?post=46139"}],"wp:featuredmedia":[{"embeddable":true,"href":"https:\/\/www.dreamonme.ca\/fr\/wp-json\/wp\/v2\/media\/46152"}],"wp:attachment":[{"href":"https:\/\/www.dreamonme.ca\/fr\/wp-json\/wp\/v2\/media?parent=46139"}],"wp:term":[{"taxonomy":"product_cat","embeddable":true,"href":"https:\/\/www.dreamonme.ca\/fr\/wp-json\/wp\/v2\/product_cat?post=46139"},{"taxonomy":"product_tag","embeddable":true,"href":"https:\/\/www.dreamonme.ca\/fr\/wp-json\/wp\/v2\/product_tag?post=46139"}],"curies":[{"name":"wp","href":"https:\/\/api.w.org\/{rel}","templated":true}]}}