{"id":46196,"date":"2025-05-12T09:53:26","date_gmt":"2025-05-12T13:53:26","guid":{"rendered":"https:\/\/dreamonme.ca\/?post_type=product&#038;p=46196"},"modified":"2025-05-12T10:22:00","modified_gmt":"2025-05-12T14:22:00","slug":"arlo-5-in-1-convertible-crib","status":"publish","type":"product","link":"https:\/\/www.dreamonme.ca\/fr\/products\/cribs\/full-size-cribs\/arlo-5-in-1-convertible-crib\/","title":{"rendered":"Arlo Lit de b\u00e9b\u00e9 convertible 5 en 1"},"content":{"rendered":"<p>Pr\u00e9sentation du berceau convertible 5 en 1 Dream On Me Arlo qui offre un choix unique mais \u00e9l\u00e9gant pour une chambre d'enfant moderne. Il pr\u00e9sente une base distingu\u00e9e qui cr\u00e9e un effet flottant pour un look contemporain. Les hauteurs de matelas ajustables permettent \u00e0 ce berceau de grandir avec votre tout-petit, en commen\u00e7ant par le niveau le plus \u00e9lev\u00e9, puis en l'abaissant lorsque votre b\u00e9b\u00e9 commence \u00e0 s'asseoir ou \u00e0 se tenir debout. Le berceau Arlo peut \u00eatre converti en lit pour tout-petit, en lit de repos\/canap\u00e9 et en lit pleine grandeur (ensemble de conversion, barri\u00e8re de conversion pour tout-petit et barri\u00e8res de lit vendues s\u00e9par\u00e9ment). Fabriqu\u00e9 en bois de pin n\u00e9o-z\u00e9landais durable, durable et renouvelable, le design d'Arlo est minimaliste et tendance. Choisissez parmi nos finis unis ou bicolores qui compl\u00e8tent une vari\u00e9t\u00e9 de th\u00e8mes de d\u00e9coration de chambre d'enfant et de chambre. Tous nos berceaux sont con\u00e7us en mettant l'accent sur la s\u00e9curit\u00e9, sont certifi\u00e9s JPMA et r\u00e9pondent \u00e0 toutes les normes ASTM\/CPSC applicables. Tous les outils pour l'assemblage sont inclus. Pour un ajustement optimal, nous recommandons n'importe quel matelas de berceau standard, pleine grandeur, non toxique et certifi\u00e9 Greenguard Gold Dream on Me ou Evolur (vendu s\u00e9par\u00e9ment).<\/p>\n<p><\/p>\n<p class=\"jpma-ggg\" style=\"text-align: center;\"><a href=\"https:\/\/dreamonme.com\/jpma-certification\/\" target=\"_blank\" rel=\"noopener noreferrer\"><img decoding=\"async\" class=\"finalist\" style=\"max-width: 128px !important; width: 30%; display: inline-block; padding: 5px;\" src=\"https:\/\/dreamonme.ca\/wp-content\/uploads\/JPMA-Certified-01.png\" alt=\"JPMA Certified\" \/><\/a><\/p>","protected":false},"excerpt":{"rendered":"<p>Introducing the Dream On Me Arlo 5 in 1 Convertible Crib which offers a unique but stylish choice for a modern nursery. It features a distinguished base that creates a floating effect for a contemporary look. The adjustable mattress heights allow this crib to grow alongside your little one, starting with the highest level then [&hellip;]<\/p>","protected":false},"featured_media":46188,"comment_status":"closed","ping_status":"closed","template":"","meta":[],"product_cat":[15],"product_tag":[],"class_list":["post-46196","product","type-product","status-publish","has-post-thumbnail","hentry","product_cat-full-size-cribs"],"_links":{"self":[{"href":"https:\/\/www.dreamonme.ca\/fr\/wp-json\/wp\/v2\/product\/46196","targetHints":{"allow":["GET"]}}],"collection":[{"href":"https:\/\/www.dreamonme.ca\/fr\/wp-json\/wp\/v2\/product"}],"about":[{"href":"https:\/\/www.dreamonme.ca\/fr\/wp-json\/wp\/v2\/types\/product"}],"replies":[{"embeddable":true,"href":"https:\/\/www.dreamonme.ca\/fr\/wp-json\/wp\/v2\/comments?post=46196"}],"wp:featuredmedia":[{"embeddable":true,"href":"https:\/\/www.dreamonme.ca\/fr\/wp-json\/wp\/v2\/media\/46188"}],"wp:attachment":[{"href":"https:\/\/www.dreamonme.ca\/fr\/wp-json\/wp\/v2\/media?parent=46196"}],"wp:term":[{"taxonomy":"product_cat","embeddable":true,"href":"https:\/\/www.dreamonme.ca\/fr\/wp-json\/wp\/v2\/product_cat?post=46196"},{"taxonomy":"product_tag","embeddable":true,"href":"https:\/\/www.dreamonme.ca\/fr\/wp-json\/wp\/v2\/product_tag?post=46196"}],"curies":[{"name":"wp","href":"https:\/\/api.w.org\/{rel}","templated":true}]}}