{"id":46217,"date":"2025-05-12T12:36:43","date_gmt":"2025-05-12T16:36:43","guid":{"rendered":"https:\/\/dreamonme.ca\/?post_type=product&#038;p=46217"},"modified":"2025-05-12T13:01:30","modified_gmt":"2025-05-12T17:01:30","slug":"milo-5-in-1-convertible-crib-and-changing-table","status":"publish","type":"product","link":"https:\/\/www.dreamonme.ca\/fr\/products\/cribs\/full-size-cribs\/milo-5-in-1-convertible-crib-and-changing-table\/","title":{"rendered":"Milo Lit de b\u00e9b\u00e9 convertible 5 en 1 et table \u00e0 langer"},"content":{"rendered":"<p><strong>Berceau convertible 5 en 1 Dream On Me Milo et table \u00e0 langer | Matelas \u00e0 langer gratuit<\/strong><\/p>\n<p>Pr\u00e9sentation du berceau convertible et de la table \u00e0 langer Dream On Me Milo 5 en 1 qui offre un choix unique mais \u00e9l\u00e9gant pour une chambre d'enfant moderne. Il pr\u00e9sente une base distingu\u00e9e qui cr\u00e9e un effet flottant pour un look contemporain. Les hauteurs de matelas ajustables permettent \u00e0 ce berceau de grandir avec votre tout-petit, en commen\u00e7ant par le niveau le plus \u00e9lev\u00e9, puis en l'abaissant lorsque votre b\u00e9b\u00e9 commence \u00e0 s'asseoir ou \u00e0 se tenir debout. Le berceau Milo peut \u00eatre transform\u00e9 en lit pour tout-petit, en lit de repos\/canap\u00e9 et en lit pleine grandeur (ensemble de conversion, barri\u00e8re de conversion pour tout-petit et barri\u00e8res de lit vendues s\u00e9par\u00e9ment). Le berceau pleine grandeur est dot\u00e9 d'une table \u00e0 langer pratique et d'un matelas attach\u00e9, ainsi que d'\u00e9tag\u00e8res pour rendre le changement de b\u00e9b\u00e9 extr\u00eamement pratique. Les deux tablettes g\u00e9n\u00e9reuses offrent amplement d'espace de rangement pour les couches, les lingettes et tout autre produit de premi\u00e8re n\u00e9cessit\u00e9 \u00e0 port\u00e9e de la main. Fabriqu\u00e9 en pin n\u00e9o-z\u00e9landais durable, durable et renouvelable, le design Milo est minimaliste et tendance. Choisissez parmi nos finis unis ou bicolores qui compl\u00e8tent une vari\u00e9t\u00e9 de th\u00e8mes de d\u00e9coration de chambre d'enfant et de chambre. Tous nos berceaux sont con\u00e7us en mettant l'accent sur la s\u00e9curit\u00e9, sont certifi\u00e9s JPMA et r\u00e9pondent \u00e0 toutes les normes ASTM\/CPSC applicables. Tous les outils pour l'assemblage sont inclus. Pour un ajustement optimal, nous recommandons n'importe quel matelas de berceau standard, pleine grandeur, non toxique et certifi\u00e9 GREENGUARD Gold de Dream On Me ou Evolur (vendu s\u00e9par\u00e9ment).<\/p>\n<p><\/p>\n<p class=\"jpma-ggg\" style=\"text-align: center;\"><a href=\"https:\/\/dreamonme.com\/jpma-certification\/\" target=\"_blank\" rel=\"noopener noreferrer\"><img decoding=\"async\" class=\"finalist\" style=\"max-width: 128px !important; width: 30%; display: inline-block; padding: 5px;\" src=\"https:\/\/dreamonme.ca\/wp-content\/uploads\/JPMA-Certified-01.png\" alt=\"JPMA Certified\" \/><\/a><\/p>","protected":false},"excerpt":{"rendered":"<p>Dream On Me Milo 5 in 1 Convertible Crib &#038; Changing Table | Free Changing Pad Introducing the Dream On Me Milo 5-in-1 convertible Crib &#038; changer table which offers a unique but stylish choice for a modern nursery. It features a distinguished base that creates a floating effect for a contemporary look. The adjustable [&hellip;]<\/p>","protected":false},"featured_media":46220,"comment_status":"closed","ping_status":"closed","template":"","meta":[],"product_cat":[15],"product_tag":[],"class_list":["post-46217","product","type-product","status-publish","has-post-thumbnail","hentry","product_cat-full-size-cribs"],"_links":{"self":[{"href":"https:\/\/www.dreamonme.ca\/fr\/wp-json\/wp\/v2\/product\/46217","targetHints":{"allow":["GET"]}}],"collection":[{"href":"https:\/\/www.dreamonme.ca\/fr\/wp-json\/wp\/v2\/product"}],"about":[{"href":"https:\/\/www.dreamonme.ca\/fr\/wp-json\/wp\/v2\/types\/product"}],"replies":[{"embeddable":true,"href":"https:\/\/www.dreamonme.ca\/fr\/wp-json\/wp\/v2\/comments?post=46217"}],"wp:featuredmedia":[{"embeddable":true,"href":"https:\/\/www.dreamonme.ca\/fr\/wp-json\/wp\/v2\/media\/46220"}],"wp:attachment":[{"href":"https:\/\/www.dreamonme.ca\/fr\/wp-json\/wp\/v2\/media?parent=46217"}],"wp:term":[{"taxonomy":"product_cat","embeddable":true,"href":"https:\/\/www.dreamonme.ca\/fr\/wp-json\/wp\/v2\/product_cat?post=46217"},{"taxonomy":"product_tag","embeddable":true,"href":"https:\/\/www.dreamonme.ca\/fr\/wp-json\/wp\/v2\/product_tag?post=46217"}],"curies":[{"name":"wp","href":"https:\/\/api.w.org\/{rel}","templated":true}]}}