{"id":46264,"date":"2025-05-13T01:35:59","date_gmt":"2025-05-13T05:35:59","guid":{"rendered":"https:\/\/dreamonme.ca\/?post_type=product&#038;p=46264"},"modified":"2025-05-13T02:34:33","modified_gmt":"2025-05-13T06:34:33","slug":"tessa-3-in-1-folding-portable-crib","status":"publish","type":"product","link":"https:\/\/www.dreamonme.ca\/fr\/products\/cribs\/portable-cribs\/tessa-3-in-1-folding-portable-crib\/","title":{"rendered":"Tessa Lit de b\u00e9b\u00e9 portatif pliable 3 en 1"},"content":{"rendered":"<p>Le berceau lat\u00e9ral portable pliable stationnaire 3 en 1 Dream On Me Tessa est un incontournable pour les parents mill\u00e9naires d'aujourd'hui, toujours en d\u00e9placement. Le berceau s'assemble en quelques secondes et la conception du rail brevet\u00e9e aux \u00c9tats-Unis vous permet de convertir facilement le berceau en table \u00e0 langer ou en parc en quelques secondes. Il constitue un \u00e9conomiseur d'espace parfait avec un pliage d'une seule main pour un rangement plat et compact. Son cadre l\u00e9ger \u00e0 roues vous permet de le d\u00e9placer facilement dans la maison. Emportez-le en voyage ou chez grand-maman ! La s\u00e9curit\u00e9 est une priorit\u00e9 absolue chez Dream On Me. Le syst\u00e8me de rails stationnaires (sans c\u00f4t\u00e9 abaissable) et les doubles roues de s\u00e9curit\u00e9 \u00e0 capot avec roulettes verrouillables offrent une s\u00e9curit\u00e9 maximale du produit. Il r\u00e9pond aux normes CPSC et ASTM. Il est dot\u00e9 d'un cadre en bois de bouleau massif. Son design \u00e9pur\u00e9 et minimaliste en fait un ajout id\u00e9al \u00e0 toute chambre d\u2019enfant. Choisissez parmi de magnifiques finis non toxiques qui s'int\u00e8grent parfaitement dans n'importe quel d\u00e9cor de pi\u00e8ce. Les dimensions du berceau sont 41 L x 26 W x 40 H. La limite de poids maximale est de 35 lb. Livr\u00e9 avec un support de matelas \u00e0 trois positions. Matelas de berceau d'un pouce et outils pour un assemblage facile inclus.<\/p>","protected":false},"excerpt":{"rendered":"<p>The Dream On Me Tessa 3 in 1 Portable Folding Stationary Side Crib is a must for today\u2019s millennial, on-the-go parents. The crib assembles in seconds and the U.S. patented rail design allows you to easily convert the crib into a changing station or playpen in seconds It makes for the perfect space-saver with one [&hellip;]<\/p>","protected":false},"featured_media":46235,"comment_status":"closed","ping_status":"closed","template":"","meta":[],"product_cat":[16],"product_tag":[],"class_list":["post-46264","product","type-product","status-publish","has-post-thumbnail","hentry","product_cat-portable-cribs"],"_links":{"self":[{"href":"https:\/\/www.dreamonme.ca\/fr\/wp-json\/wp\/v2\/product\/46264","targetHints":{"allow":["GET"]}}],"collection":[{"href":"https:\/\/www.dreamonme.ca\/fr\/wp-json\/wp\/v2\/product"}],"about":[{"href":"https:\/\/www.dreamonme.ca\/fr\/wp-json\/wp\/v2\/types\/product"}],"replies":[{"embeddable":true,"href":"https:\/\/www.dreamonme.ca\/fr\/wp-json\/wp\/v2\/comments?post=46264"}],"wp:featuredmedia":[{"embeddable":true,"href":"https:\/\/www.dreamonme.ca\/fr\/wp-json\/wp\/v2\/media\/46235"}],"wp:attachment":[{"href":"https:\/\/www.dreamonme.ca\/fr\/wp-json\/wp\/v2\/media?parent=46264"}],"wp:term":[{"taxonomy":"product_cat","embeddable":true,"href":"https:\/\/www.dreamonme.ca\/fr\/wp-json\/wp\/v2\/product_cat?post=46264"},{"taxonomy":"product_tag","embeddable":true,"href":"https:\/\/www.dreamonme.ca\/fr\/wp-json\/wp\/v2\/product_tag?post=46264"}],"curies":[{"name":"wp","href":"https:\/\/api.w.org\/{rel}","templated":true}]}}