{"id":46338,"date":"2025-05-13T05:38:08","date_gmt":"2025-05-13T09:38:08","guid":{"rendered":"https:\/\/dreamonme.ca\/?post_type=product&#038;p=46338"},"modified":"2025-05-13T06:47:40","modified_gmt":"2025-05-13T10:47:40","slug":"ridgefield-5-in-1-convertible-crib","status":"publish","type":"product","link":"https:\/\/www.dreamonme.ca\/fr\/products\/cribs\/full-size-cribs\/ridgefield-5-in-1-convertible-crib\/","title":{"rendered":"Ridgefield Lit de b\u00e9b\u00e9 convertible 5 en 1"},"content":{"rendered":"<p>Le berceau convertible Ridgefield 5 en 1 est un investissement durable qui vieillit gracieusement avec votre enfant. Transformez-le facilement en lit pour tout-petit et lit de jour (ensemble de conversion vendu s\u00e9par\u00e9ment) et en lit pleine grandeur (cadre \u00e0 sommier en m\u00e9tal, rails de lit, ensemble d'adaptateur de t\u00eate de lit vendus s\u00e9par\u00e9ment). Il offre la commodit\u00e9 de 3 positions de hauteur de matelas et peut \u00eatre ajust\u00e9 en fonction de l'\u00e2ge de votre b\u00e9b\u00e9. Fabriqu\u00e9 en bois de pin de Nouvelle-Z\u00e9lande durable, durable et renouvelable, le Ridgfield b\u00e9n\u00e9ficie d'un design scandinave \u00e9pur\u00e9 qui lui conf\u00e8re un attrait universel. Son encombrement compact le rend id\u00e9al pour les petits espaces. Choisissez parmi 4 finitions \u00e9l\u00e9gantes dans des tons simples et doubles qui s'adaptent \u00e0 n'importe quel th\u00e8me de chambre d'enfant. Le berceau est certifi\u00e9 JPMA pour respecter ou surpasser toutes les normes de s\u00e9curit\u00e9 \u00e9tablies par la CPSC, l'ASTM et le CCCR. Tous nos produits sont test\u00e9s par des laboratoires tiers pour le plomb\/autres \u00e9l\u00e9ments toxiques afin de respecter\/d\u00e9passer les normes de s\u00e9curit\u00e9 CPSC\/ASTM. Le Ridgefield mesure 53 L x 30 W x 39 H pouces et la capacit\u00e9 de poids maximale est de 50 lb. Pour un ajustement optimal, utilisez n'importe quel matelas de berceau pleine grandeur Dream On Me\/Evolur, non toxique et certifi\u00e9 Greenguard. Pour nettoyer, essuyez simplement avec un linge humide.<\/p>\n<p><\/p>\n<p class=\"jpma-ggg\" style=\"text-align: center;\"><a href=\"https:\/\/dreamonme.com\/jpma-certification\/\" target=\"_blank\" rel=\"noopener noreferrer\"><img decoding=\"async\" class=\"finalist\" style=\"max-width: 100px !important; max-height: 186px !important; width: 30%; display: inline-block; padding: 5px;\" src=\"https:\/\/dreamonme.com\/vt1\/wp-content\/uploads\/JPMA-Certified.jpg\" alt=\"JPMA Certified\" \/><\/a><a href=\"https:\/\/dreamonme.com\/what-is-greenguard-gold-certification\/\" target=\"_blank\" rel=\"noopener noreferrer\"><img decoding=\"async\" class=\"finalist\" style=\"max-width: 105px !important; margin-top: 5px; margin-left: 30px; width: 30%; display: inline-block; padding: 5px;\" src=\"https:\/\/dreamonme.com\/vt1\/wp-content\/uploads\/GREENGUARD.jpg\" alt=\"GREENGUARD GOLD Certified\" \/><\/a><\/p>","protected":false},"excerpt":{"rendered":"<p>The Ridgefield 5-in-1 Convertible Crib is a durable investment that ages gracefully with your child. Convert it easily into a toddler and daybed (conversion kit sold separately) and a full-size bed (metal box spring frame, bed rails, headboard adaptor kit sold separately). It features the convenience of 3 mattress height positions, and can be adjusted [&hellip;]<\/p>","protected":false},"featured_media":46330,"comment_status":"closed","ping_status":"closed","template":"","meta":[],"product_cat":[15],"product_tag":[],"class_list":["post-46338","product","type-product","status-publish","has-post-thumbnail","hentry","product_cat-full-size-cribs"],"_links":{"self":[{"href":"https:\/\/www.dreamonme.ca\/fr\/wp-json\/wp\/v2\/product\/46338","targetHints":{"allow":["GET"]}}],"collection":[{"href":"https:\/\/www.dreamonme.ca\/fr\/wp-json\/wp\/v2\/product"}],"about":[{"href":"https:\/\/www.dreamonme.ca\/fr\/wp-json\/wp\/v2\/types\/product"}],"replies":[{"embeddable":true,"href":"https:\/\/www.dreamonme.ca\/fr\/wp-json\/wp\/v2\/comments?post=46338"}],"wp:featuredmedia":[{"embeddable":true,"href":"https:\/\/www.dreamonme.ca\/fr\/wp-json\/wp\/v2\/media\/46330"}],"wp:attachment":[{"href":"https:\/\/www.dreamonme.ca\/fr\/wp-json\/wp\/v2\/media?parent=46338"}],"wp:term":[{"taxonomy":"product_cat","embeddable":true,"href":"https:\/\/www.dreamonme.ca\/fr\/wp-json\/wp\/v2\/product_cat?post=46338"},{"taxonomy":"product_tag","embeddable":true,"href":"https:\/\/www.dreamonme.ca\/fr\/wp-json\/wp\/v2\/product_tag?post=46338"}],"curies":[{"name":"wp","href":"https:\/\/api.w.org\/{rel}","templated":true}]}}