{"id":46362,"date":"2025-05-13T06:22:01","date_gmt":"2025-05-13T10:22:01","guid":{"rendered":"https:\/\/dreamonme.ca\/?post_type=product&#038;p=46362"},"modified":"2025-05-13T06:53:06","modified_gmt":"2025-05-13T10:53:06","slug":"blue-ridge-4-in-1-convertible-crib","status":"publish","type":"product","link":"https:\/\/www.dreamonme.ca\/fr\/products\/cribs\/full-size-cribs\/blue-ridge-4-in-1-convertible-crib\/","title":{"rendered":"Blue Ridge Lit de b\u00e9b\u00e9 convertible 4 en 1"},"content":{"rendered":"<p>Le berceau Dream On Me Blue Ridge capture un style transitionnel avec une conception de t\u00eate de lit \u00e0 panneau complet, ce berceau offre des \u00e9l\u00e9ments sophistiqu\u00e9s somptueux qui apportent un peu de simplicit\u00e9 modeste \u00e0 une chambre d'enfant sans \u00e2ge. Le berceau Blue Ridge est con\u00e7u pour se transformer en lit pour tout-petit et en lit de jour pour accueillir votre enfant en pleine croissance (rails de conversion vendus s\u00e9par\u00e9ment). Ce berceau peut \u00eatre un m\u00e9lange ou une combinaison avec d'autres meubles, des accents brillants ou des palettes de couleurs neutres ou aller avec une sensation vintage ou antique en combinant des motifs et des couleurs pour cr\u00e9er une chambre d'enfant unique en son genre.<\/p>","protected":false},"excerpt":{"rendered":"<p>Dream On Me Blue Ridge crib captures a transitional styling with a full panel headboard design, this crib offers lavish sophisticated elements that bring a little modest simplicity to an ageless nursery. The Blue Ridge crib is designed to converts to a toddler bed and day bed to accommodate your growing child (conversion rails sold [&hellip;]<\/p>","protected":false},"featured_media":46365,"comment_status":"closed","ping_status":"closed","template":"","meta":[],"product_cat":[15],"product_tag":[],"class_list":["post-46362","product","type-product","status-publish","has-post-thumbnail","hentry","product_cat-full-size-cribs"],"_links":{"self":[{"href":"https:\/\/www.dreamonme.ca\/fr\/wp-json\/wp\/v2\/product\/46362","targetHints":{"allow":["GET"]}}],"collection":[{"href":"https:\/\/www.dreamonme.ca\/fr\/wp-json\/wp\/v2\/product"}],"about":[{"href":"https:\/\/www.dreamonme.ca\/fr\/wp-json\/wp\/v2\/types\/product"}],"replies":[{"embeddable":true,"href":"https:\/\/www.dreamonme.ca\/fr\/wp-json\/wp\/v2\/comments?post=46362"}],"wp:featuredmedia":[{"embeddable":true,"href":"https:\/\/www.dreamonme.ca\/fr\/wp-json\/wp\/v2\/media\/46365"}],"wp:attachment":[{"href":"https:\/\/www.dreamonme.ca\/fr\/wp-json\/wp\/v2\/media?parent=46362"}],"wp:term":[{"taxonomy":"product_cat","embeddable":true,"href":"https:\/\/www.dreamonme.ca\/fr\/wp-json\/wp\/v2\/product_cat?post=46362"},{"taxonomy":"product_tag","embeddable":true,"href":"https:\/\/www.dreamonme.ca\/fr\/wp-json\/wp\/v2\/product_tag?post=46362"}],"curies":[{"name":"wp","href":"https:\/\/api.w.org\/{rel}","templated":true}]}}