{"id":46383,"date":"2025-05-13T07:45:39","date_gmt":"2025-05-13T11:45:39","guid":{"rendered":"https:\/\/dreamonme.ca\/?post_type=product&#038;p=46383"},"modified":"2025-05-13T08:05:32","modified_gmt":"2025-05-13T12:05:32","slug":"milton-5-in-1-convertible-crib","status":"publish","type":"product","link":"https:\/\/www.dreamonme.ca\/fr\/products\/cribs\/full-size-cribs\/milton-5-in-1-convertible-crib\/","title":{"rendered":"Milton Lit de b\u00e9b\u00e9 convertible 5 en 1"},"content":{"rendered":"<p><strong>Lit de b\u00e9b\u00e9 convertible 5 en 1 Dream On Me Milton certifi\u00e9 JPMA et Greenguard Gold, fabriqu\u00e9 en pin de Nouvelle-Z\u00e9lande durable<\/strong><\/p>\n<p>Un berceau con\u00e7u pour chaque \u00e9tape sp\u00e9ciale de la vie de votre enfant ! Pr\u00e9sentation du berceau convertible 5 en 1 Milton \u2013 o\u00f9 l'esth\u00e9tique ultramoderne rencontre un design classique sain. Con\u00e7u pour \u00eatre le compagnon de votre tout-petit pour la vie, ce berceau se transforme facilement en lit pour tout-petit, en lit de jour et en lit pleine grandeur (ensemble de conversion vendu s\u00e9par\u00e9ment). Non seulement le berceau est certifi\u00e9 JPMA et Greenguard Gold, mais il r\u00e9pond\/d\u00e9passe \u00e9galement les normes ASTM et CPSC, offrant une s\u00e9curit\u00e9 maximale \u00e0 votre b\u00e9b\u00e9. Le berceau 5 en 1 convertible Milton est fabriqu\u00e9 en bois de pin durable de Nouvelle-Z\u00e9lande et en tiges de bois robustes, avec une finition non toxique et s\u00e9curitaire pour les enfants. De plus, ce berceau pratique est facile \u00e0 rep\u00e9rer ou \u00e0 nettoyer et est offert en 3 finis attrayants qui compl\u00e8tent votre chambre d'enfant : blanc et naturel, gris galet et blanc. Les dimensions du produit sont 54.5\u201d L X 29.5\u201d W X 48\u201d H, avec un poids de 55 lb.<\/p>\n<p><\/p>\n<p class=\"jpma-ggg\" style=\"text-align: center;\"><a href=\"https:\/\/dreamonme.com\/jpma-certification\/\" target=\"_blank\" rel=\"noopener noreferrer\"><img decoding=\"async\" class=\"finalist\" style=\"max-width: 100px !important; max-height: 186px !important; width: 30%; display: inline-block; padding: 5px;\" src=\"https:\/\/dreamonme.com\/vt1\/wp-content\/uploads\/JPMA-Certified.jpg\" alt=\"JPMA Certified\" \/><\/a><a href=\"https:\/\/dreamonme.com\/what-is-greenguard-gold-certification\/\" target=\"_blank\" rel=\"noopener noreferrer\"><img decoding=\"async\" class=\"finalist\" style=\"max-width: 105px !important; margin-top: 5px; margin-left: 30px; width: 30%; display: inline-block; padding: 5px;\" src=\"https:\/\/dreamonme.com\/vt1\/wp-content\/uploads\/GREENGUARD.jpg\" alt=\"GREENGUARD GOLD Certified\" \/><\/a><\/p>","protected":false},"excerpt":{"rendered":"<p>JPMA &#038; Greenguard Gold Certified Dream On Me Milton 5-in-1 Convertible Crib made with Sustainable New Zealand Pinewood A crib that\u2019s meant for every special stage in your child\u2019s life! Introducing the Milton 5-in-1 Convertible Crib \u2013 where ultra-modern aesthetic meets wholesome classic design. Crafted to be your little one\u2019s companion for life, this crib [&hellip;]<\/p>","protected":false},"featured_media":46378,"comment_status":"closed","ping_status":"closed","template":"","meta":[],"product_cat":[15],"product_tag":[],"class_list":["post-46383","product","type-product","status-publish","has-post-thumbnail","hentry","product_cat-full-size-cribs"],"_links":{"self":[{"href":"https:\/\/www.dreamonme.ca\/fr\/wp-json\/wp\/v2\/product\/46383","targetHints":{"allow":["GET"]}}],"collection":[{"href":"https:\/\/www.dreamonme.ca\/fr\/wp-json\/wp\/v2\/product"}],"about":[{"href":"https:\/\/www.dreamonme.ca\/fr\/wp-json\/wp\/v2\/types\/product"}],"replies":[{"embeddable":true,"href":"https:\/\/www.dreamonme.ca\/fr\/wp-json\/wp\/v2\/comments?post=46383"}],"wp:featuredmedia":[{"embeddable":true,"href":"https:\/\/www.dreamonme.ca\/fr\/wp-json\/wp\/v2\/media\/46378"}],"wp:attachment":[{"href":"https:\/\/www.dreamonme.ca\/fr\/wp-json\/wp\/v2\/media?parent=46383"}],"wp:term":[{"taxonomy":"product_cat","embeddable":true,"href":"https:\/\/www.dreamonme.ca\/fr\/wp-json\/wp\/v2\/product_cat?post=46383"},{"taxonomy":"product_tag","embeddable":true,"href":"https:\/\/www.dreamonme.ca\/fr\/wp-json\/wp\/v2\/product_tag?post=46383"}],"curies":[{"name":"wp","href":"https:\/\/api.w.org\/{rel}","templated":true}]}}