{"id":46433,"date":"2025-05-13T09:38:30","date_gmt":"2025-05-13T13:38:30","guid":{"rendered":"https:\/\/dreamonme.ca\/?post_type=product&#038;p=46433"},"modified":"2025-05-13T09:56:51","modified_gmt":"2025-05-13T13:56:51","slug":"fisher-price-sanibel-5-in-1-convertible-crib","status":"publish","type":"product","link":"https:\/\/www.dreamonme.ca\/fr\/products\/cribs\/full-size-cribs\/fisher-price-sanibel-5-in-1-convertible-crib\/","title":{"rendered":"Fisher Price Sanibel Lit de b\u00e9b\u00e9 convertible 5 en 1"},"content":{"rendered":"<p><strong>Berceau convertible 5 en 1 Fisher-Price Sanibel certifi\u00e9 JPMA et Greenguard Gold, fabriqu\u00e9 en pin de Nouvelle-Z\u00e9lande durable<\/strong><\/p>\n<p>Qu'il soit temps de s'\u00e9tendre ou de jouer, on sait exactement ce dont votre tout-petit a besoin : un peu de plaisir et beaucoup de confort ! Pr\u00e9sentation du berceau convertible 5 en 1 Fisher-Price de Dream On Me Sanibel \u2013 un espace confortable et s\u00e9curitaire pour que votre tout-petit curieux puisse dormir, jouer et grandir. Ce berceau contemporain est con\u00e7u pour accompagner votre enfant en se transformant sans effort d'un berceau en lit pour tout-petit, en lit de repos et en lit pleine grandeur (ensemble de conversion vendu s\u00e9par\u00e9ment). Conforme aux normes de s\u00e9curit\u00e9 les plus strictes, le berceau convertible 5 en 1 Fisher-Price by Dream On Me Sanibel est certifi\u00e9 JPMA et Greenguard Gold et r\u00e9pond\/d\u00e9passe les normes ASTM et CPSC. Con\u00e7u pour durer, ce berceau solide est fabriqu\u00e9 avec du bois de pin de Nouvelle-Z\u00e9lande et des broches en bois robustes, avec une finition non toxique et s\u00e9curitaire pour les enfants. Facile \u00e0 rep\u00e9rer ou \u00e0 nettoyer, le berceau Fisher-Price de Dream On Me Sanibel convertible 5 en 1 garantit un entretien sans tracas. Cr\u00e9ez un espace sain et vivant et cr\u00e9ez les meilleurs souvenirs avec votre tout-petit, avec ce berceau soigneusement con\u00e7u. Disponible dans une finition gris galet unique, le lit de b\u00e9b\u00e9 convertible 5 en 1 Fisher-Price by Dream On Me Sanibel est dot\u00e9 de pieds chics et modernes et d'une t\u00eate de lit rustique \u00e0 clin qui ajoute un charme subtil et sur\u00e9lev\u00e9. Les dimensions du produit sont 55.87\u2033 L x 29.37\u2033 W x 44.12\u2033 H, avec un poids de 53 lb et une limite de poids maximale de 50 lb. <\/p>\n<p><\/p>\n<p class=\"jpma-ggg\" style=\"text-align: center;\"><a href=\"https:\/\/dreamonme.com\/jpma-certification\/\" target=\"_blank\" rel=\"noopener noreferrer\"><img decoding=\"async\" class=\"finalist\" style=\"max-width: 128px !important; width: 30%; display: inline-block; padding: 5px;\" src=\"https:\/\/dreamonme.ca\/wp-content\/uploads\/JPMA-Certified-01.png\" alt=\"JPMA Certified\" \/><\/a><a href=\"https:\/\/dreamonme.com\/what-is-greenguard-gold-certification\/\" target=\"_blank\" rel=\"noopener noreferrer\"><img decoding=\"async\" class=\"finalist\" style=\"max-width: 128px !important; margin-top: 5px; margin-left: 30px; width: 30%; display: inline-block; padding: 5px;\" src=\"https:\/\/dreamonme.ca\/wp-content\/uploads\/Greenguard-Gold-Logo-01.png\" alt=\"GREENGUARD GOLD Certified\" \/><\/a><\/p>\n<style>\n@font-face{font-family:maax-medium;src:url('https:\/\/dreamonme.ca\/fonts\/maax.ttf') format('ttf'),url('https:\/\/dreamonme.ca\/fonts\/maax.woff') format('woff')}.woocommerce-tabs p{font-family:maax-medium !important;}.product_meta p span span, .product_meta p span a,.shop_attributes tbody tr td,.sweet_drms_ul li,.user-manual-btn a span, .post-title h3 a{font-family: maax-medium !important;}{font-family:maax-medium !important;}@font-face{font-family:letsbeglyphscyr;src:url('https:\/\/dreamonme.ca\/fonts\/letsbeglyphscyr-regular-webfont.ttf') format('ttf'),url('https:\/\/dreamonme.ca\/fonts\/letsbeglyphscyr-regular-webfont.woff') format('woff')}.product-information .post .post-title h1,.product-information label[for=color],.product_meta p,ul.accordion>li.active .content li strong,ul.accordion>li.active .content p strong,ul.accordion>li.active div.title,ul.accordion>li>div.title,.shop_attributes tbody tr th,header.post-title h1.entry-title, .related.products h2{font-family:letsbeglyphscyr!important;font-weight: 600 !important;}\n@media (min-width:767px){.split-img-2 img {width: 48%;float:left;margin:1%;}}\n<\/style>","protected":false},"excerpt":{"rendered":"<p>JPMA &#038; Greenguard Gold Certified Fisher-Price by Dream On Me Sanibel 5-in-1 Convertible Crib, made with sustainable New Zealand Pinewood Whether it&#8217;s time to lay or play, we know exactly what your little one needs &#8211; a wee bit of fun and a whole lot of comfort! Introducing the Fisher-Price by Dream On Me Sanibel [&hellip;]<\/p>","protected":false},"featured_media":46422,"comment_status":"closed","ping_status":"closed","template":"","meta":[],"product_cat":[15],"product_tag":[],"class_list":["post-46433","product","type-product","status-publish","has-post-thumbnail","hentry","product_cat-full-size-cribs"],"_links":{"self":[{"href":"https:\/\/www.dreamonme.ca\/fr\/wp-json\/wp\/v2\/product\/46433","targetHints":{"allow":["GET"]}}],"collection":[{"href":"https:\/\/www.dreamonme.ca\/fr\/wp-json\/wp\/v2\/product"}],"about":[{"href":"https:\/\/www.dreamonme.ca\/fr\/wp-json\/wp\/v2\/types\/product"}],"replies":[{"embeddable":true,"href":"https:\/\/www.dreamonme.ca\/fr\/wp-json\/wp\/v2\/comments?post=46433"}],"wp:featuredmedia":[{"embeddable":true,"href":"https:\/\/www.dreamonme.ca\/fr\/wp-json\/wp\/v2\/media\/46422"}],"wp:attachment":[{"href":"https:\/\/www.dreamonme.ca\/fr\/wp-json\/wp\/v2\/media?parent=46433"}],"wp:term":[{"taxonomy":"product_cat","embeddable":true,"href":"https:\/\/www.dreamonme.ca\/fr\/wp-json\/wp\/v2\/product_cat?post=46433"},{"taxonomy":"product_tag","embeddable":true,"href":"https:\/\/www.dreamonme.ca\/fr\/wp-json\/wp\/v2\/product_tag?post=46433"}],"curies":[{"name":"wp","href":"https:\/\/api.w.org\/{rel}","templated":true}]}}