{"id":46509,"date":"2025-05-23T05:27:28","date_gmt":"2025-05-23T09:27:28","guid":{"rendered":"https:\/\/dreamonme.ca\/?post_type=product&#038;p=46509"},"modified":"2025-05-23T07:06:31","modified_gmt":"2025-05-23T11:06:31","slug":"everett-swivel-glider-with-ottoman","status":"publish","type":"product","link":"https:\/\/www.dreamonme.ca\/fr\/products\/furniture\/gliders-rocking-chairs\/everett-swivel-glider-with-ottoman\/","title":{"rendered":"Everett Fauteuil pivotant avec pouf"},"content":{"rendered":"<p>Chouchoutez vos muscles endoloris, allaitez votre b\u00e9b\u00e9 ou profitez simplement d'un moment de d\u00e9tente dans l'\u00e9treinte chaleureuse du fauteuil pivotant Dream On Me Everett avec pouf. Des si\u00e8ges moelleux, un coussin lombaire en prime et le pouf assorti, l'Everett \u00e9voque le luxe et le confort comme aucun autre ! L'Everett est dot\u00e9 d'un dossier haut ergonomique, de repose-pieds lat\u00e9raux confortables, de mouvements de glissement fluides, de mouvements pivotants et de bascule \u00e0 360\u00b0, con\u00e7us pour offrir un confort maximal \u00e0 votre corps. Profitez des avantages d'un assemblage sans stress avec l'Everett ! Sa base en m\u00e9tal solide permet une rotation pivotante \u00e0 360 degr\u00e9s et un glissement. L'Everett est recouvert d'un tissu doux au toucher mais durable et facile \u00e0 nettoyer avec un rembourrage en mousse et dispose de poches lat\u00e9rales pratiques. L'Everett p\u00e8se 74 livres. Les dimensions du produit sont 32\u2033 L x 33\u2033 W x 36.5\u2033 H pouces. Il est livr\u00e9 avec une garantie limit\u00e9e du fabricant d'un an.<\/p>\n<style>\n    @media (min-width:767px){.split-img-2 img {width: 48%;float:left;margin:1%;}}<br \/>\n<\/style>","protected":false},"excerpt":{"rendered":"<p>Pamper those aching muscles, nurse your baby or simply enjoy some downtime in the warm embrace of the Dream On Me Everett Swivel Glider with Ottoman. From plush seating, a bonus lumbar pillow to the matching ottoman, the Everett spells luxury and comfort like no other! The Everett features an ergonomic high backrest, comfortable side [&hellip;]<\/p>","protected":false},"featured_media":46511,"comment_status":"closed","ping_status":"closed","template":"","meta":[],"product_cat":[1797],"product_tag":[],"class_list":["post-46509","product","type-product","status-publish","has-post-thumbnail","hentry","product_cat-gliders-rocking-chairs"],"_links":{"self":[{"href":"https:\/\/www.dreamonme.ca\/fr\/wp-json\/wp\/v2\/product\/46509","targetHints":{"allow":["GET"]}}],"collection":[{"href":"https:\/\/www.dreamonme.ca\/fr\/wp-json\/wp\/v2\/product"}],"about":[{"href":"https:\/\/www.dreamonme.ca\/fr\/wp-json\/wp\/v2\/types\/product"}],"replies":[{"embeddable":true,"href":"https:\/\/www.dreamonme.ca\/fr\/wp-json\/wp\/v2\/comments?post=46509"}],"wp:featuredmedia":[{"embeddable":true,"href":"https:\/\/www.dreamonme.ca\/fr\/wp-json\/wp\/v2\/media\/46511"}],"wp:attachment":[{"href":"https:\/\/www.dreamonme.ca\/fr\/wp-json\/wp\/v2\/media?parent=46509"}],"wp:term":[{"taxonomy":"product_cat","embeddable":true,"href":"https:\/\/www.dreamonme.ca\/fr\/wp-json\/wp\/v2\/product_cat?post=46509"},{"taxonomy":"product_tag","embeddable":true,"href":"https:\/\/www.dreamonme.ca\/fr\/wp-json\/wp\/v2\/product_tag?post=46509"}],"curies":[{"name":"wp","href":"https:\/\/api.w.org\/{rel}","templated":true}]}}