{"id":46551,"date":"2025-05-27T08:27:24","date_gmt":"2025-05-27T12:27:24","guid":{"rendered":"https:\/\/dreamonme.ca\/?post_type=product&#038;p=46551"},"modified":"2025-05-27T09:13:48","modified_gmt":"2025-05-27T13:13:48","slug":"ridgefield-convertible-crib-conversion-post","status":"publish","type":"product","link":"https:\/\/www.dreamonme.ca\/fr\/products\/cribs\/accessories\/ridgefield-convertible-crib-conversion-post\/","title":{"rendered":"Ridgefield Poteau de conversion pour lit de b\u00e9b\u00e9 convertible"},"content":{"rendered":"<p>Le poteau de conversion pour lit de b\u00e9b\u00e9 Ridgefield de Dream On Me permet de transformer un lit de b\u00e9b\u00e9 en lit d'appoint. Dream On Me con\u00e7oit et fabrique fi\u00e8rement des meubles pour b\u00e9b\u00e9 de haute qualit\u00e9, fabriqu\u00e9s en bois massif. Les collections Dream On Me sont offertes dans des styles contemporains et traditionnels. Tous les meubles sont con\u00e7us pour \u00eatre robustes, beaux et intemporels.<\/p>","protected":false},"excerpt":{"rendered":"<p>Dream On Me Ridgefield Convertible Crib Conversion Post is used when crib is converted to a toddler day bed. Dream On Me proudly designs and builds high value baby furniture which is made of solid wood construction, the baby furniture collections by Dream On Me come in both contemporary and traditional styles. All pieces are [&hellip;]<\/p>","protected":false},"featured_media":46555,"comment_status":"closed","ping_status":"closed","template":"","meta":[],"product_cat":[127],"product_tag":[],"class_list":["post-46551","product","type-product","status-publish","has-post-thumbnail","hentry","product_cat-accessories"],"_links":{"self":[{"href":"https:\/\/www.dreamonme.ca\/fr\/wp-json\/wp\/v2\/product\/46551","targetHints":{"allow":["GET"]}}],"collection":[{"href":"https:\/\/www.dreamonme.ca\/fr\/wp-json\/wp\/v2\/product"}],"about":[{"href":"https:\/\/www.dreamonme.ca\/fr\/wp-json\/wp\/v2\/types\/product"}],"replies":[{"embeddable":true,"href":"https:\/\/www.dreamonme.ca\/fr\/wp-json\/wp\/v2\/comments?post=46551"}],"wp:featuredmedia":[{"embeddable":true,"href":"https:\/\/www.dreamonme.ca\/fr\/wp-json\/wp\/v2\/media\/46555"}],"wp:attachment":[{"href":"https:\/\/www.dreamonme.ca\/fr\/wp-json\/wp\/v2\/media?parent=46551"}],"wp:term":[{"taxonomy":"product_cat","embeddable":true,"href":"https:\/\/www.dreamonme.ca\/fr\/wp-json\/wp\/v2\/product_cat?post=46551"},{"taxonomy":"product_tag","embeddable":true,"href":"https:\/\/www.dreamonme.ca\/fr\/wp-json\/wp\/v2\/product_tag?post=46551"}],"curies":[{"name":"wp","href":"https:\/\/api.w.org\/{rel}","templated":true}]}}