{"id":46591,"date":"2025-05-29T04:56:39","date_gmt":"2025-05-29T08:56:39","guid":{"rendered":"https:\/\/dreamonme.ca\/?post_type=product&#038;p=46591"},"modified":"2025-06-04T12:26:59","modified_gmt":"2025-06-04T16:26:59","slug":"maple-double-dresser","status":"publish","type":"product","link":"https:\/\/www.dreamonme.ca\/fr\/products\/furniture\/dressers\/maple-double-dresser\/","title":{"rendered":"Maple Commode double"},"content":{"rendered":"<p>La commode double Dream On Me en \u00e9rable incarne le confort et la d\u00e9tente d'un style champ\u00eatre avec son motif classique de planches encadr\u00e9es. Cette commode est un atout pr\u00e9cieux pour la chambre de votre enfant. Ses poign\u00e9es en bois, ses lignes \u00e9pur\u00e9es et ses pieds fusel\u00e9s compl\u00e8tent ses finitions rafra\u00eechissantes, tandis que ses quatre tiroirs spacieux offrent un espace de rangement pour les v\u00eatements et les accessoires. Fabriqu\u00e9e en bois massif durable, cette commode Dream On Me \u00e0 4 tiroirs vous accompagnera tout au long de votre vie. Elle ajoutera une touche de charme rustique \u00e0 une chambre d'enfant intemporelle.<\/p>","protected":false},"excerpt":{"rendered":"<p>Dream On Me Maple Double Dresser captures the comfort and relaxing farmhouse elements with its classic framed plank pattern. This dresser is a great addition to your child\u2019s nursery or bedroom. The wooden drawer pulls, clean lines and tapered feet compliment the refreshing finishes, while the four spacious drawers provide room for clothing and accessories. [&hellip;]<\/p>","protected":false},"featured_media":46566,"comment_status":"closed","ping_status":"closed","template":"","meta":[],"product_cat":[1012],"product_tag":[],"class_list":["post-46591","product","type-product","status-publish","has-post-thumbnail","hentry","product_cat-dressers"],"_links":{"self":[{"href":"https:\/\/www.dreamonme.ca\/fr\/wp-json\/wp\/v2\/product\/46591","targetHints":{"allow":["GET"]}}],"collection":[{"href":"https:\/\/www.dreamonme.ca\/fr\/wp-json\/wp\/v2\/product"}],"about":[{"href":"https:\/\/www.dreamonme.ca\/fr\/wp-json\/wp\/v2\/types\/product"}],"replies":[{"embeddable":true,"href":"https:\/\/www.dreamonme.ca\/fr\/wp-json\/wp\/v2\/comments?post=46591"}],"wp:featuredmedia":[{"embeddable":true,"href":"https:\/\/www.dreamonme.ca\/fr\/wp-json\/wp\/v2\/media\/46566"}],"wp:attachment":[{"href":"https:\/\/www.dreamonme.ca\/fr\/wp-json\/wp\/v2\/media?parent=46591"}],"wp:term":[{"taxonomy":"product_cat","embeddable":true,"href":"https:\/\/www.dreamonme.ca\/fr\/wp-json\/wp\/v2\/product_cat?post=46591"},{"taxonomy":"product_tag","embeddable":true,"href":"https:\/\/www.dreamonme.ca\/fr\/wp-json\/wp\/v2\/product_tag?post=46591"}],"curies":[{"name":"wp","href":"https:\/\/api.w.org\/{rel}","templated":true}]}}