{"id":46722,"date":"2025-06-09T04:34:49","date_gmt":"2025-06-09T08:34:49","guid":{"rendered":"https:\/\/dreamonme.ca\/?post_type=product&#038;p=46722"},"modified":"2025-06-10T05:05:12","modified_gmt":"2025-06-10T09:05:12","slug":"berkley-glider","status":"publish","type":"product","link":"https:\/\/www.dreamonme.ca\/fr\/products\/furniture\/gliders-rocking-chairs\/berkley-glider\/","title":{"rendered":"Berkley Glider"},"content":{"rendered":"<p>Indispensable pour les jeunes parents, le fauteuil Berkley Glider Dream On Me est dot\u00e9 de nombreuses fonctionnalit\u00e9s qui en font le choix id\u00e9al pour allaiter et c\u00e2liner b\u00e9b\u00e9 facilement la nuit. Dot\u00e9 d'une structure robuste, il pivote \u00e0 275\u00b0 en douceur, offre un mouvement de bascule et une inclinaison \u00e9lectrique. Con\u00e7u pour le confort, le Berkley Glider est dot\u00e9 d'une assise rembourr\u00e9e et moelleuse et d'une base robuste. Facile \u00e0 assembler, il est livr\u00e9 dans un tissu facile \u00e0 nettoyer d'un simple coup de linge humide\u00a0! \u00c9l\u00e9gamment con\u00e7u pour s'int\u00e9grer parfaitement dans le coin chambre de b\u00e9b\u00e9, il est disponible en deux finitions modernes et minimalistes\u00a0: Cr\u00e8me (tissu polyester) et Cr\u00e8me (tissu simili cuir). Ce fauteuil inclinable \u00e9lectrique peut supporter un poids d'environ 240 lbs et est certifi\u00e9 Greenguard Gold.<\/p>\n<p class=\"jpma-ggg\" style=\"text-align: center;\"><a href=\"https:\/\/dreamonme.com\/what-is-greenguard-gold-certification\/\" target=\"_blank\" rel=\"noopener noreferrer\"><img decoding=\"async\" class=\"finalist\" style=\"max-width: 128px !important; margin-top: 5px; margin-left: 30px; width: 30%; display: inline-block; padding: 5px;\" src=\"https:\/\/dreamonme.ca\/wp-content\/uploads\/Greenguard-Gold-Logo-01.png\" alt=\"GREENGUARD GOLD Certified\" \/><\/a><\/p>","protected":false},"excerpt":{"rendered":"<p>A must-have chair for new parents, the Dream On Me Berkley Glider chair is packed with features that make it the perfect choice for easy nighttime feeding and cuddling. With a solid frame, it comes with smooth 275\u00b0 swivel, rocking motions &#038; power recline. The Berkley Glider is genuinely crafted for comfort with upholstered, plush [&hellip;]<\/p>","protected":false},"featured_media":46708,"comment_status":"closed","ping_status":"closed","template":"","meta":[],"product_cat":[1797],"product_tag":[],"class_list":["post-46722","product","type-product","status-publish","has-post-thumbnail","hentry","product_cat-gliders-rocking-chairs"],"_links":{"self":[{"href":"https:\/\/www.dreamonme.ca\/fr\/wp-json\/wp\/v2\/product\/46722","targetHints":{"allow":["GET"]}}],"collection":[{"href":"https:\/\/www.dreamonme.ca\/fr\/wp-json\/wp\/v2\/product"}],"about":[{"href":"https:\/\/www.dreamonme.ca\/fr\/wp-json\/wp\/v2\/types\/product"}],"replies":[{"embeddable":true,"href":"https:\/\/www.dreamonme.ca\/fr\/wp-json\/wp\/v2\/comments?post=46722"}],"wp:featuredmedia":[{"embeddable":true,"href":"https:\/\/www.dreamonme.ca\/fr\/wp-json\/wp\/v2\/media\/46708"}],"wp:attachment":[{"href":"https:\/\/www.dreamonme.ca\/fr\/wp-json\/wp\/v2\/media?parent=46722"}],"wp:term":[{"taxonomy":"product_cat","embeddable":true,"href":"https:\/\/www.dreamonme.ca\/fr\/wp-json\/wp\/v2\/product_cat?post=46722"},{"taxonomy":"product_tag","embeddable":true,"href":"https:\/\/www.dreamonme.ca\/fr\/wp-json\/wp\/v2\/product_tag?post=46722"}],"curies":[{"name":"wp","href":"https:\/\/api.w.org\/{rel}","templated":true}]}}