{"id":46727,"date":"2025-06-09T07:02:55","date_gmt":"2025-06-09T11:02:55","guid":{"rendered":"https:\/\/dreamonme.ca\/?post_type=product&#038;p=46727"},"modified":"2025-06-09T12:35:33","modified_gmt":"2025-06-09T16:35:33","slug":"holland-upholstered-swivel-glider-ottoman","status":"publish","type":"product","link":"https:\/\/www.dreamonme.ca\/fr\/products\/furniture\/gliders-rocking-chairs\/holland-upholstered-swivel-glider-ottoman\/","title":{"rendered":"Holland Fauteuil pivotant rembourr\u00e9 avec pouf"},"content":{"rendered":"<p>Transformez n'importe quel coin de votre maison en un havre de paix et de confort gr\u00e2ce au fauteuil pivotant rembourr\u00e9 Holland, con\u00e7u pour r\u00e9pondre aux besoins des parents et de b\u00e9b\u00e9, du repas \u00e0 l'heure du conte. Ce fauteuil moderne est aussi confortable que fonctionnel, avec son dossier haut pour un soutien optimal de la t\u00eate et de la nuque, sa rotation \u00e0 360\u00b0 sans effort et son syst\u00e8me de coulissement avant\/arri\u00e8re. Il est dot\u00e9 d'un coussin en mousse \u00e9paisse, d'un tissu doux et r\u00e9sistant avec un coussin de soutien lombaire, d'accoudoirs \u00e9l\u00e9gants, de passepoils uniques et d'un pouf assorti. Son design moderne s'int\u00e8gre parfaitement dans presque toutes les pi\u00e8ces de la maison. Le fauteuil Holland est \u00e9galement certifi\u00e9 Greenguard Gold, ce qui garantit la s\u00e9curit\u00e9 de votre b\u00e9b\u00e9.<\/p>\n<p class=\"jpma-ggg\" style=\"text-align: center;\"><a href=\"https:\/\/dreamonme.com\/what-is-greenguard-gold-certification\/\" target=\"_blank\" rel=\"noopener noreferrer\"><img decoding=\"async\" class=\"finalist\" style=\"max-width: 128px !important; margin-top: 5px; margin-left: 30px; width: 30%; display: inline-block; padding: 5px;\" src=\"https:\/\/dreamonme.ca\/wp-content\/uploads\/Greenguard-Gold-Logo-01.png\" alt=\"GREENGUARD GOLD Certified\" \/><\/a><\/p>","protected":false},"excerpt":{"rendered":"<p>Transform any corner of your home into a tranquil escape of comfort with Upholstered Holland Swivel Glider which was designed to meet parents and baby needs from feeding to story time. This modern glider is as cozy as it is functional, featuring a high backrest for head and neck support, effortless 360\u00b0 swivel motion, and [&hellip;]<\/p>","protected":false},"featured_media":46732,"comment_status":"closed","ping_status":"closed","template":"","meta":[],"product_cat":[1797],"product_tag":[],"class_list":["post-46727","product","type-product","status-publish","has-post-thumbnail","hentry","product_cat-gliders-rocking-chairs"],"_links":{"self":[{"href":"https:\/\/www.dreamonme.ca\/fr\/wp-json\/wp\/v2\/product\/46727","targetHints":{"allow":["GET"]}}],"collection":[{"href":"https:\/\/www.dreamonme.ca\/fr\/wp-json\/wp\/v2\/product"}],"about":[{"href":"https:\/\/www.dreamonme.ca\/fr\/wp-json\/wp\/v2\/types\/product"}],"replies":[{"embeddable":true,"href":"https:\/\/www.dreamonme.ca\/fr\/wp-json\/wp\/v2\/comments?post=46727"}],"wp:featuredmedia":[{"embeddable":true,"href":"https:\/\/www.dreamonme.ca\/fr\/wp-json\/wp\/v2\/media\/46732"}],"wp:attachment":[{"href":"https:\/\/www.dreamonme.ca\/fr\/wp-json\/wp\/v2\/media?parent=46727"}],"wp:term":[{"taxonomy":"product_cat","embeddable":true,"href":"https:\/\/www.dreamonme.ca\/fr\/wp-json\/wp\/v2\/product_cat?post=46727"},{"taxonomy":"product_tag","embeddable":true,"href":"https:\/\/www.dreamonme.ca\/fr\/wp-json\/wp\/v2\/product_tag?post=46727"}],"curies":[{"name":"wp","href":"https:\/\/api.w.org\/{rel}","templated":true}]}}