{"id":46759,"date":"2025-06-09T09:36:02","date_gmt":"2025-06-09T13:36:02","guid":{"rendered":"https:\/\/dreamonme.ca\/?post_type=product&#038;p=46759"},"modified":"2025-06-10T06:08:18","modified_gmt":"2025-06-10T10:08:18","slug":"oliver-manual-recline-glider","status":"publish","type":"product","link":"https:\/\/www.dreamonme.ca\/fr\/products\/furniture\/gliders-rocking-chairs\/oliver-manual-recline-glider\/","title":{"rendered":"Oliver Manuel Recline Glider"},"content":{"rendered":"<p>Pr\u00e9parez-vous \u00e0 red\u00e9finir le confort d\u00e9contract\u00e9 ! D\u00e9tendez-vous dans le confort douillet du fauteuil pivotant Oliver Dream On Me, pivotant \u00e0 360 degr\u00e9s et dot\u00e9 d'un tissu velours c\u00f4tel\u00e9 moelleux. Ce fauteuil est con\u00e7u pour offrir un confort ultime gr\u00e2ce \u00e0 son rembourrage de soutien. Son design contemporain et ses riches choix de tissus en font un ajout \u00e9l\u00e9gant \u00e0 toute chambre de b\u00e9b\u00e9, offrant un espace douillet pour cr\u00e9er des liens avec votre b\u00e9b\u00e9. Ce fauteuil au design soign\u00e9 est disponible en deux finitions \u00e9l\u00e9gantes : Gris Carbone et Tonnerre et certifi\u00e9 FSC pour un choix durable. Les dimensions du produit sont les suivantes\u00a0: 31\u2033 L x 27\u2033 W x 39.5\u2033 H with a weight of 57 Lbs.<\/p>\n<style>\n    @media (min-width:767px){.split-img-2 img {width: 48%;float:left;margin:1%;}}\n<\/style>","protected":false},"excerpt":{"rendered":"<p>Get ready to redefine casual comfort! Relax in the cloud-like comfort of the Dream On Me Oliver Swivel Glider, featuring a 360-degree swivel and plush corduroy fabric. This chair is designed to provide the ultimate in comfort with its supportive cushioning. The contemporary design and rich fabric choices make it a stylish addition to any [&hellip;]<\/p>","protected":false},"featured_media":46774,"comment_status":"closed","ping_status":"closed","template":"","meta":[],"product_cat":[1797],"product_tag":[],"class_list":["post-46759","product","type-product","status-publish","has-post-thumbnail","hentry","product_cat-gliders-rocking-chairs"],"_links":{"self":[{"href":"https:\/\/www.dreamonme.ca\/fr\/wp-json\/wp\/v2\/product\/46759","targetHints":{"allow":["GET"]}}],"collection":[{"href":"https:\/\/www.dreamonme.ca\/fr\/wp-json\/wp\/v2\/product"}],"about":[{"href":"https:\/\/www.dreamonme.ca\/fr\/wp-json\/wp\/v2\/types\/product"}],"replies":[{"embeddable":true,"href":"https:\/\/www.dreamonme.ca\/fr\/wp-json\/wp\/v2\/comments?post=46759"}],"wp:featuredmedia":[{"embeddable":true,"href":"https:\/\/www.dreamonme.ca\/fr\/wp-json\/wp\/v2\/media\/46774"}],"wp:attachment":[{"href":"https:\/\/www.dreamonme.ca\/fr\/wp-json\/wp\/v2\/media?parent=46759"}],"wp:term":[{"taxonomy":"product_cat","embeddable":true,"href":"https:\/\/www.dreamonme.ca\/fr\/wp-json\/wp\/v2\/product_cat?post=46759"},{"taxonomy":"product_tag","embeddable":true,"href":"https:\/\/www.dreamonme.ca\/fr\/wp-json\/wp\/v2\/product_tag?post=46759"}],"curies":[{"name":"wp","href":"https:\/\/api.w.org\/{rel}","templated":true}]}}