{"id":46787,"date":"2025-06-20T06:53:58","date_gmt":"2025-06-20T10:53:58","guid":{"rendered":"https:\/\/dreamonme.ca\/?post_type=product&#038;p=46787"},"modified":"2025-06-20T09:13:29","modified_gmt":"2025-06-20T13:13:29","slug":"funtastic-2-in-1-tower-and-step-stool","status":"publish","type":"product","link":"https:\/\/www.dreamonme.ca\/fr\/products\/furniture\/step-stools\/funtastic-2-in-1-tower-and-step-stool\/","title":{"rendered":"Tour et marchepied 2 en 1 Funtastic"},"content":{"rendered":"<p>Il est temps de mettre en valeur les moments de plaisir\u2026 litt\u00e9ralement ! D\u00e9couvrez le tabouret tour et marchepied 2-en-1 Dream On Me Funtastic : un incontournable pour accompagner votre tout-petit dans sa croissance et ses progr\u00e8s. Emportez le plaisir avec vous, de pi\u00e8ce en pi\u00e8ce, gr\u00e2ce \u00e0 ce meuble robuste en pin massif de Nouvelle-Z\u00e9lande. Facile \u00e0 assembler, ce tabouret polyvalent peut \u00eatre utilis\u00e9 dans la cuisine pour apprendre \u00e0 votre enfant \u00e0 cuisiner, dans la salle de bain pour lui apprendre \u00e0 se brosser les dents, ou m\u00eame \u00e0 l'ext\u00e9rieur ! La s\u00e9curit\u00e9 est notre priorit\u00e9. C'est pourquoi le tabouret tour et marchepied Dream On Me Funtastic est fabriqu\u00e9 avec une peinture non toxique et s\u00e9curitaire pour les b\u00e9b\u00e9s, et est dot\u00e9 d'une base et d'un dessous antid\u00e9rapants, ainsi que de rails de s\u00e9curit\u00e9 pour une s\u00e9curit\u00e9 accrue. De plus, il est offert en 4 finis pour s'int\u00e9grer parfaitement \u00e0 votre int\u00e9rieur  \u2013 Black, Cool Grey, Natural and White. Ce produit s'adresse aux enfants de 18 mois \u00e0 3 ans.<\/p>","protected":false},"excerpt":{"rendered":"<p>It\u2019s time to elevate funtastic time\u2026 literally! Introducing the Dream On Me Funtastic 2-in-1 Tower and Step Stool &#8211; a must-have as your toddler grows to achieve new milestones. Take funtastic on the go, from room to room, with this sturdy piece that\u2019s made of solid New Zealand Pinewood. Easy to assemble, it\u2019s a multi-purpose [&hellip;]<\/p>","protected":false},"featured_media":46799,"comment_status":"closed","ping_status":"closed","template":"","meta":[],"product_cat":[1769],"product_tag":[],"class_list":["post-46787","product","type-product","status-publish","has-post-thumbnail","hentry","product_cat-step-stools"],"_links":{"self":[{"href":"https:\/\/www.dreamonme.ca\/fr\/wp-json\/wp\/v2\/product\/46787","targetHints":{"allow":["GET"]}}],"collection":[{"href":"https:\/\/www.dreamonme.ca\/fr\/wp-json\/wp\/v2\/product"}],"about":[{"href":"https:\/\/www.dreamonme.ca\/fr\/wp-json\/wp\/v2\/types\/product"}],"replies":[{"embeddable":true,"href":"https:\/\/www.dreamonme.ca\/fr\/wp-json\/wp\/v2\/comments?post=46787"}],"wp:featuredmedia":[{"embeddable":true,"href":"https:\/\/www.dreamonme.ca\/fr\/wp-json\/wp\/v2\/media\/46799"}],"wp:attachment":[{"href":"https:\/\/www.dreamonme.ca\/fr\/wp-json\/wp\/v2\/media?parent=46787"}],"wp:term":[{"taxonomy":"product_cat","embeddable":true,"href":"https:\/\/www.dreamonme.ca\/fr\/wp-json\/wp\/v2\/product_cat?post=46787"},{"taxonomy":"product_tag","embeddable":true,"href":"https:\/\/www.dreamonme.ca\/fr\/wp-json\/wp\/v2\/product_tag?post=46787"}],"curies":[{"name":"wp","href":"https:\/\/api.w.org\/{rel}","templated":true}]}}