{"id":46904,"date":"2025-06-20T11:54:41","date_gmt":"2025-06-20T15:54:41","guid":{"rendered":"https:\/\/dreamonme.ca\/?post_type=product&#038;p=46904"},"modified":"2025-06-20T12:06:46","modified_gmt":"2025-06-20T16:06:46","slug":"explora-tower-and-step-stool","status":"publish","type":"product","link":"https:\/\/www.dreamonme.ca\/fr\/products\/furniture\/step-stools\/explora-tower-and-step-stool\/","title":{"rendered":"Tour et marchepied Explora"},"content":{"rendered":"<p><strong>Tour et marchepied Dream On Me, base antid\u00e9rapante, marchepied multifonction pour enfants, 3 hauteurs de plateforme, tableau noir crayeux<\/strong><\/p>\n<p>Aidez votre petit explorateur \u00e0 atteindre de nouveaux sommets ! Voici la tour et marchepied Dream On Me Explora : un tabouret de cuisine en bois robuste et s\u00e9curitaire, con\u00e7u pour que votre tout-petit puisse s'asseoir et se tenir debout tout en observant son environnement. Cette tour polyvalente et ergonomique peut \u00eatre utilis\u00e9e dans la cuisine, le salon ou la salle de jeux. La tour Dream On Me Explora est soigneusement con\u00e7ue avec 3 hauteurs de plateforme int\u00e9gr\u00e9es pour accompagner la croissance de votre enfant ! Id\u00e9ale pour un tout-petit qui veut atteindre l'\u00e9tag\u00e8re du haut, cette tour permet \u00e0 votre enfant de grimper dessus et de vous aider dans vos t\u00e2ches, lui donnant ainsi le sens des responsabilit\u00e9s tout en d\u00e9veloppant des comp\u00e9tences de vie. L'arri\u00e8re de la tour sert \u00e9galement de tableau noir, cr\u00e9ant une surface sur laquelle votre enfant peut dessiner et exprimer sa cr\u00e9ativit\u00e9. Fabriqu\u00e9e en pin de haute qualit\u00e9, la tour Dream On Me Explora est dot\u00e9e d'une base antid\u00e9rapante et est tr\u00e8s facile \u00e0 rep\u00e9rer et \u00e0 nettoyer. La tour est \u00e9galement livr\u00e9e avec une garantie d'un an et est id\u00e9ale pour les enfants \u00e2g\u00e9s de 18 mois \u00e0 3 ans avec une capacit\u00e9 de poids maximale de 150 lb.<\/p>","protected":false},"excerpt":{"rendered":"<p>Dream On Me Explora Tower &#038; Step Stool, Anti-Slip Base, Multipurpose Kids Step Stool, 3 Platform Heights, Chalkable Black Board Help your little explorer reach greater heights! Here comes the Dream On Me Explora Tower &#038; Step Stool &#8211; a sturdy and safe wooden kitchen standing stool, designed for your toddler to sit and stand [&hellip;]<\/p>","protected":false},"featured_media":46852,"comment_status":"closed","ping_status":"closed","template":"","meta":[],"product_cat":[1769],"product_tag":[],"class_list":["post-46904","product","type-product","status-publish","has-post-thumbnail","hentry","product_cat-step-stools"],"_links":{"self":[{"href":"https:\/\/www.dreamonme.ca\/fr\/wp-json\/wp\/v2\/product\/46904","targetHints":{"allow":["GET"]}}],"collection":[{"href":"https:\/\/www.dreamonme.ca\/fr\/wp-json\/wp\/v2\/product"}],"about":[{"href":"https:\/\/www.dreamonme.ca\/fr\/wp-json\/wp\/v2\/types\/product"}],"replies":[{"embeddable":true,"href":"https:\/\/www.dreamonme.ca\/fr\/wp-json\/wp\/v2\/comments?post=46904"}],"wp:featuredmedia":[{"embeddable":true,"href":"https:\/\/www.dreamonme.ca\/fr\/wp-json\/wp\/v2\/media\/46852"}],"wp:attachment":[{"href":"https:\/\/www.dreamonme.ca\/fr\/wp-json\/wp\/v2\/media?parent=46904"}],"wp:term":[{"taxonomy":"product_cat","embeddable":true,"href":"https:\/\/www.dreamonme.ca\/fr\/wp-json\/wp\/v2\/product_cat?post=46904"},{"taxonomy":"product_tag","embeddable":true,"href":"https:\/\/www.dreamonme.ca\/fr\/wp-json\/wp\/v2\/product_tag?post=46904"}],"curies":[{"name":"wp","href":"https:\/\/api.w.org\/{rel}","templated":true}]}}