{"id":46909,"date":"2025-06-20T12:12:07","date_gmt":"2025-06-20T16:12:07","guid":{"rendered":"https:\/\/dreamonme.ca\/?post_type=product&#038;p=46909"},"modified":"2025-06-20T12:43:37","modified_gmt":"2025-06-20T16:43:37","slug":"skyward-multipurpose-kids-step-stool-with-anti-slip-base","status":"publish","type":"product","link":"https:\/\/www.dreamonme.ca\/fr\/products\/furniture\/step-stools\/skyward-multipurpose-kids-step-stool-with-anti-slip-base\/","title":{"rendered":"Skyward Marchepied multifonction pour enfants avec base antid\u00e9rapante"},"content":{"rendered":"<p><strong>Tabouret marchepied multifonction pour enfants Skyward certifi\u00e9 JPMA Dream On Me avec base antid\u00e9rapante, certifi\u00e9 Greenguard Gold, fabriqu\u00e9 en pin durable de Nouvelle-Z\u00e9lande<\/strong><\/p>\n<p>Stimulez la curiosit\u00e9 de votre enfant et encouragez-le \u00e0 d\u00e9couvrir de nouveaux objets et de nouvelles exp\u00e9riences avec le marchepied Dream On Me Skyward. Ce marchepied polyvalent peut \u00eatre utilis\u00e9 dans la cuisine, la salle de bain, le salon ou m\u00eame \u00e0 l'ext\u00e9rieur, rendant les t\u00e2ches quotidiennes accessibles \u00e0 votre enfant. Fabriqu\u00e9 en pin de Nouvelle-Z\u00e9lande massif et durable, le marchepied Dream On Me Skyward est recouvert de peintures non toxiques et sans danger pour les b\u00e9b\u00e9s. Con\u00e7u pour la s\u00e9curit\u00e9 optimale de votre petit explorateur, ce marchepied robuste est certifi\u00e9 JPMA et Greenguard Gold, respecte et d\u00e9passe les normes ASTM et CPSC et est dot\u00e9 d'une base antid\u00e9rapante pour plus de s\u00e9curit\u00e9. Pour plus de commodit\u00e9, le marchepied Dream On Me Skyward est facile \u00e0 nettoyer et se monte facilement. De plus, ce marchepied l\u00e9ger et \u00e9l\u00e9gant est disponible en quatre finitions \u00e9l\u00e9gantes qui s'int\u00e8grent parfaitement \u00e0 votre d\u00e9cor int\u00e9rieur\u00a0: Black, Olive Green, White &amp; Grey and White &amp; Natural. Les dimensions du produit sont 13.4\u2033 L x 13.7\u2033 W x 11\u2033 H, avec un poids de 4.2 lb. Ce produit est id\u00e9al pour les enfants jusqu'\u00e0 3 ans et a une capacit\u00e9 de poids de 154 lb.<\/p>\n<p class=\"jpma-ggg\" style=\"text-align: center;\"><a href=\"https:\/\/dreamonme.com\/jpma-certification\/\" target=\"_blank\" rel=\"noopener noreferrer\"><img decoding=\"async\" class=\"finalist\" style=\"max-width: 128px !important; width: 30%; display: inline-block; padding: 5px;\" src=\"https:\/\/dreamonme.ca\/wp-content\/uploads\/JPMA-Certified-01.png\" alt=\"JPMA Certified\" \/><\/a><a href=\"https:\/\/dreamonme.com\/what-is-greenguard-gold-certification\/\" target=\"_blank\" rel=\"noopener noreferrer\"><img decoding=\"async\" class=\"finalist\" style=\"max-width: 128px !important; margin-top: 5px; margin-left: 30px; width: 30%; display: inline-block; padding: 5px;\" src=\"https:\/\/dreamonme.ca\/wp-content\/uploads\/Greenguard-Gold-Logo-01.png\" alt=\"GREENGUARD GOLD Certified\" \/><\/a><\/p>","protected":false},"excerpt":{"rendered":"<p>Dream On Me JPMA Certified Skyward Multipurpose Kids Step Stool with Anti-Slip Base, Greenguard Gold Certified, Made of Sustainable New Zealand Pinewood Nurture your child\u2019s curiosity as they seek out new objects and experiences with the Dream On Me Skyward Step Stool. This multi-purpose step stool can be used in the kitchen, bathroom, living room [&hellip;]<\/p>","protected":false},"featured_media":46890,"comment_status":"closed","ping_status":"closed","template":"","meta":[],"product_cat":[1769],"product_tag":[],"class_list":["post-46909","product","type-product","status-publish","has-post-thumbnail","hentry","product_cat-step-stools"],"_links":{"self":[{"href":"https:\/\/www.dreamonme.ca\/fr\/wp-json\/wp\/v2\/product\/46909","targetHints":{"allow":["GET"]}}],"collection":[{"href":"https:\/\/www.dreamonme.ca\/fr\/wp-json\/wp\/v2\/product"}],"about":[{"href":"https:\/\/www.dreamonme.ca\/fr\/wp-json\/wp\/v2\/types\/product"}],"replies":[{"embeddable":true,"href":"https:\/\/www.dreamonme.ca\/fr\/wp-json\/wp\/v2\/comments?post=46909"}],"wp:featuredmedia":[{"embeddable":true,"href":"https:\/\/www.dreamonme.ca\/fr\/wp-json\/wp\/v2\/media\/46890"}],"wp:attachment":[{"href":"https:\/\/www.dreamonme.ca\/fr\/wp-json\/wp\/v2\/media?parent=46909"}],"wp:term":[{"taxonomy":"product_cat","embeddable":true,"href":"https:\/\/www.dreamonme.ca\/fr\/wp-json\/wp\/v2\/product_cat?post=46909"},{"taxonomy":"product_tag","embeddable":true,"href":"https:\/\/www.dreamonme.ca\/fr\/wp-json\/wp\/v2\/product_tag?post=46909"}],"curies":[{"name":"wp","href":"https:\/\/api.w.org\/{rel}","templated":true}]}}