{"id":663,"date":"2015-09-20T15:00:59","date_gmt":"2015-09-20T19:00:59","guid":{"rendered":"http:\/\/dreamonme.com\/vt1\/?post_type=product&#038;p=663"},"modified":"2025-05-12T04:47:28","modified_gmt":"2025-05-12T08:47:28","slug":"classic-3-in-1-convertible-crib","status":"publish","type":"product","link":"https:\/\/www.dreamonme.ca\/fr\/products\/cribs\/full-size-cribs\/classic-3-in-1-convertible-crib\/","title":{"rendered":"Carson\/Classic Lit de b\u00e9b\u00e9 convertible 3 en 1"},"content":{"rendered":"<p>Le berceau convertible 3 en 1 Carson a une ambiance \u00e9l\u00e9gante, parfaite pour concevoir une chambre de b\u00e9b\u00e9 \u00e9l\u00e9gante pour votre b\u00e9b\u00e9\u00a0! Il se transforme d'un berceau en lit pour tout-petit (utilisez la barri\u00e8re de s\u00e9curit\u00e9 universelle pour tout-petit Dream On Me pour la conversion, vendue s\u00e9par\u00e9ment) et en lit de repos (barre stabilisatrice vendue s\u00e9par\u00e9ment), parfait pour les premi\u00e8res ann\u00e9es de croissance. Avec 4 positions de hauteur de matelas, le Carson peut \u00eatre ajust\u00e9 en fonction de l'\u00e2ge de votre b\u00e9b\u00e9. Utilisez-le d'abord au r\u00e9glage le plus \u00e9lev\u00e9, puis baissez-le graduellement \u00e0 mesure que votre enfant grandit. D'autres caract\u00e9ristiques utiles incluent des roues \u00e0 double capot et \u00e0 verrouillage de s\u00e9curit\u00e9 qui peuvent \u00eatre retir\u00e9es, vous offrant la possibilit\u00e9 de l'utiliser comme berceau stationnaire au besoin. Construit en bois de pin de Nouvelle-Z\u00e9lande renouvelable, durable et r\u00e9sistant, le design du Carson est un m\u00e9lange de lignes droites et courbes qui se marient parfaitement avec n'importe quel d\u00e9cor de pi\u00e8ce. Disponible dans des finitions \u00e9l\u00e9gantes et non toxiques \u00e0 m\u00e9langer et \u00e0 assortir pour cr\u00e9er une chambre d'enfant \u00e9l\u00e9gante ! Le Carson est dot\u00e9 d'un rail stationnaire (c\u00f4t\u00e9 non abaiss\u00e9) pour plus de s\u00e9curit\u00e9, est certifi\u00e9 JPMA et r\u00e9pond \u00e0 toutes les normes ASTM\/CPSC applicables. Tous les outils pour l'assemblage sont inclus. Le Carson mesure 54 L x 31 l x 40 H pouces et la capacit\u00e9 de poids maximale est de 50 lb. Pour un ajustement optimal, nous recommandons n'importe quel matelas Dream On Me ou Evolur pleine grandeur certifi\u00e9 Greenguard.<\/p>\n<p><\/p>\n<p class=\"jpma-ggg\" style=\"text-align: center;\"><a href=\"https:\/\/dreamonme.com\/jpma-certification\/\" target=\"_blank\" rel=\"noopener noreferrer\"><img decoding=\"async\" class=\"finalist\" style=\"max-width: 128px !important; width: 30%; display: inline-block; padding: 5px;\" src=\"https:\/\/dreamonme.ca\/wp-content\/uploads\/JPMA-Certified-01.png\" alt=\"JPMA Certified\" \/><\/a><a href=\"https:\/\/dreamonme.com\/what-is-greenguard-gold-certification\/\" target=\"_blank\" rel=\"noopener noreferrer\"><img decoding=\"async\" class=\"finalist\" style=\"max-width: 128px !important; margin-top: 5px; margin-left: 30px; width: 30%; display: inline-block; padding: 5px;\" src=\"https:\/\/dreamonme.ca\/wp-content\/uploads\/Greenguard-Gold-Logo-01.png\" alt=\"GREENGUARD GOLD Certified\" \/><\/a><\/p>","protected":false},"excerpt":{"rendered":"<p>The Carson 3-in-1 Convertible Crib has an elegant vibe, perfect to design that stylish nursery for your baby! It converts from a crib into a toddler bed (use Dream On Me Universal toddler guard rail for conversion, sold separately) and a daybed (stabilizer bar sold separately), perfect for those early growing years. With 4 mattress [&hellip;]<\/p>","protected":false},"featured_media":44989,"comment_status":"closed","ping_status":"closed","template":"","meta":[],"product_cat":[15],"product_tag":[],"class_list":["post-663","product","type-product","status-publish","has-post-thumbnail","hentry","product_cat-full-size-cribs"],"_links":{"self":[{"href":"https:\/\/www.dreamonme.ca\/fr\/wp-json\/wp\/v2\/product\/663","targetHints":{"allow":["GET"]}}],"collection":[{"href":"https:\/\/www.dreamonme.ca\/fr\/wp-json\/wp\/v2\/product"}],"about":[{"href":"https:\/\/www.dreamonme.ca\/fr\/wp-json\/wp\/v2\/types\/product"}],"replies":[{"embeddable":true,"href":"https:\/\/www.dreamonme.ca\/fr\/wp-json\/wp\/v2\/comments?post=663"}],"wp:featuredmedia":[{"embeddable":true,"href":"https:\/\/www.dreamonme.ca\/fr\/wp-json\/wp\/v2\/media\/44989"}],"wp:attachment":[{"href":"https:\/\/www.dreamonme.ca\/fr\/wp-json\/wp\/v2\/media?parent=663"}],"wp:term":[{"taxonomy":"product_cat","embeddable":true,"href":"https:\/\/www.dreamonme.ca\/fr\/wp-json\/wp\/v2\/product_cat?post=663"},{"taxonomy":"product_tag","embeddable":true,"href":"https:\/\/www.dreamonme.ca\/fr\/wp-json\/wp\/v2\/product_tag?post=663"}],"curies":[{"name":"wp","href":"https:\/\/api.w.org\/{rel}","templated":true}]}}