{"id":6658,"date":"2016-08-19T08:33:17","date_gmt":"2016-08-19T12:33:17","guid":{"rendered":"http:\/\/dreamonme.com\/?post_type=product&#038;p=6658"},"modified":"2025-04-14T02:16:56","modified_gmt":"2025-04-14T06:16:56","slug":"karley-bassinet","status":"publish","type":"product","link":"https:\/\/www.dreamonme.ca\/fr\/products\/baby-gears\/bassinets-carriers\/karley-bassinet\/","title":{"rendered":"Berceau Karley"},"content":{"rendered":"<p>L\u00e9ger, \u00e9l\u00e9gant et spacieux, le berceau Karley est le r\u00eave de tous les nouveaux parents ! Sa portabilit\u00e9 est l'un de ses atouts majeurs. Pesant 5,6 kg, il est dot\u00e9 d'un assemblage sans outil et d'un cadre l\u00e9ger en aluminium, ce qui vous permet de le d\u00e9placer facilement d'une pi\u00e8ce \u00e0 l'autre. Gr\u00e2ce \u00e0 son m\u00e9canisme de pliage rapide, vous pouvez le transporter et l'utiliser \u00e0 l'ext\u00e9rieur sans probl\u00e8me ! Avec le berceau Karley, vous ne manquerez jamais d'espace. Spacieux et a\u00e9r\u00e9, il est dot\u00e9 d'un double auvent r\u00e9glable qui tient \u00e0 distance les insectes et les animaux curieux. Les essentiels de b\u00e9b\u00e9 sont toujours \u00e0 port\u00e9e de main gr\u00e2ce au grand sac de rangement int\u00e9gr\u00e9. Il est disponible en neuf finitions \u00e9l\u00e9gantes pour s'harmoniser avec tous les styles de chambre. Fabriqu\u00e9 en mousse de polyester douce et s\u00fbre, facile \u00e0 nettoyer, il est fourni avec un surmatelas double face de 2,5 cm d'\u00e9paisseur, conform\u00e9ment aux recommandations de l'ASTM\/CPSC. Dimensions du surmatelas : 80 cm (L) x 39 cm (l) x 2,5 cm (H). Les dimensions du berceau sont de 33 L x 19,5 l x 37 H. La hauteur avec le auvent est de 37 pouces, la hauteur sans est de 27. Recommand\u00e9 pour les nouveau-n\u00e9s jusqu'\u00e0 25 lb.<\/p>\n<p><a href=\"https:\/\/dreamonme.com\/karley-bassinet\/\" target=\"_blank\" rel=\"noopener\">En savoir plus\u2026<\/a><br \/>\n<\/p>\n<p><strong>Conseils de s\u00e9curit\u00e9 :<\/strong> <em>Gardez les objets mous et la literie hors de port\u00e9e des nourrissons et ne les utilisez pas dans les berceaux, car ils peuvent provoquer une suffocation. De plus, la literie a \u00e9t\u00e9 associ\u00e9e au syndrome de mort subite du nourrisson.<\/em><\/p>\n<p style=\"text-align:center\" class=\"awards\"><a href=\"https:\/\/www.nappaawards.com\/product\/karley-bassinet\/\" target=\"_blank\" rel=\"noopener noreferrer\"><img decoding=\"async\" src=\"https:\/\/dreamonme.com\/vt1\/wp-content\/uploads\/NAPPA-seal-2021-min.png\"  width=\"150\"\/><\/a><a><img decoding=\"async\" src=\"https:\/\/dreamonme.com\/vt1\/wp-content\/uploads\/Moms-Choice-Awards.png\" width=\"110\"\/><\/a><a href=\"https:\/\/www.littleonemag.com\/best-baby-bassinets\/\" target=\"_blank\" rel=\"noopener noreferrer\"><img decoding=\"async\" src=\"https:\/\/littleonemag.com\/wp-content\/uploads\/2020\/08\/lom-best-bassinets_2020.png\" width=\"110\"\/> <\/a>\n<\/p>\n<style>\n.awards a{\ndisplay:inline-block;\n}\n.video_responsive iframe {\nwidth:100%;\nheight:315px;\nmax-height:50vw;\n}\n.column {\n  float: left;\n  width: 50%;\n}\n.multi-select {\n\tmax-width:600px;\n}\n.multi-select a span{\n    display:inline-block;\n    text-align:center;\n    width:100%;\n    font-size: 12px;\n    margin-top: 5px;\n    color: #222222;\n}\n.multi-select a.active img{\n   opacity:1!important;\n}\n.multi-select a img{\n    width:100%;\n    opacity:0.5!important;\n    max-width:100px !important;\n}\n.multi-select a img:hover{\n    border:2px solid #7dc3d2 !important;\n    opacity:1!important;\n}\n.multi-select a {\n    max-width:23%;\n\twidth:23%;\n\tmargin-right:2%;\n    display:inline-block;\n    text-align:center;\n}\n<\/style>","protected":false},"excerpt":{"rendered":"<p>Lightweight, stylish and spacious- the Karley Bassinet is every new parents\u2019 dream come true! One of its standout features is its portability. Weighing 12.4 lbs, it comes with a no-tool assembly &#038; a lightweight aluminum frame, which allows you to move it from room to room. Thanks to a quick-folding mechanism, you can carry it [&hellip;]<\/p>","protected":false},"featured_media":44349,"comment_status":"closed","ping_status":"closed","template":"","meta":[],"product_cat":[20],"product_tag":[],"class_list":["post-6658","product","type-product","status-publish","has-post-thumbnail","hentry","product_cat-bassinets-carriers"],"_links":{"self":[{"href":"https:\/\/www.dreamonme.ca\/fr\/wp-json\/wp\/v2\/product\/6658","targetHints":{"allow":["GET"]}}],"collection":[{"href":"https:\/\/www.dreamonme.ca\/fr\/wp-json\/wp\/v2\/product"}],"about":[{"href":"https:\/\/www.dreamonme.ca\/fr\/wp-json\/wp\/v2\/types\/product"}],"replies":[{"embeddable":true,"href":"https:\/\/www.dreamonme.ca\/fr\/wp-json\/wp\/v2\/comments?post=6658"}],"wp:featuredmedia":[{"embeddable":true,"href":"https:\/\/www.dreamonme.ca\/fr\/wp-json\/wp\/v2\/media\/44349"}],"wp:attachment":[{"href":"https:\/\/www.dreamonme.ca\/fr\/wp-json\/wp\/v2\/media?parent=6658"}],"wp:term":[{"taxonomy":"product_cat","embeddable":true,"href":"https:\/\/www.dreamonme.ca\/fr\/wp-json\/wp\/v2\/product_cat?post=6658"},{"taxonomy":"product_tag","embeddable":true,"href":"https:\/\/www.dreamonme.ca\/fr\/wp-json\/wp\/v2\/product_tag?post=6658"}],"curies":[{"name":"wp","href":"https:\/\/api.w.org\/{rel}","templated":true}]}}