{"id":904,"date":"2014-05-23T13:48:20","date_gmt":"2014-05-23T17:48:20","guid":{"rendered":"http:\/\/dreamonme.com\/vt1\/?post_type=product&#038;p=904"},"modified":"2025-05-13T08:20:43","modified_gmt":"2025-05-13T12:20:43","slug":"folding-full-size-crib","status":"publish","type":"product","link":"https:\/\/www.dreamonme.ca\/fr\/products\/cribs\/portable-cribs\/folding-full-size-crib\/","title":{"rendered":"Lit b\u00e9b\u00e9 pliant pleine grandeur"},"content":{"rendered":"<p>Gr\u00e2ce \u00e0 son syst\u00e8me de pliage compact, le lit d'appoint fixe et pliable Dream On Me 2 en 1 est id\u00e9al pour les petits espaces\u00a0! Pratique, il est dot\u00e9 d'un syst\u00e8me de pliage \u00e0 deux positions. Une fois que votre enfant est trop grand, le syst\u00e8me de pliage brevet\u00e9 vous permet de le plier sans le d\u00e9monter et de le ranger. L\u00e9ger et mobile, il se plie \u00e0 plat pour un rangement compact et id\u00e9al pour les petits espaces. D\u00e9pliez-le et verrouillez-le simplement pour le r\u00e9utiliser, par exemple pour recevoir des invit\u00e9s avec b\u00e9b\u00e9 ou chez grand-m\u00e8re\u00a0! Ce lit d'appoint pr\u00e9sente un design contemporain aux lignes \u00e9pur\u00e9es et est disponible dans de magnifiques finitions non toxiques, parfait pour s'adapter \u00e0 tous les styles de chambre d'enfant\u00a0! Tous les outils de montage sont fournis. La s\u00e9curit\u00e9 est notre priorit\u00e9. Nos lits d'appoint respectent, voire d\u00e9passent, les normes ASTM et CPSC en vigueur. Parmi les caract\u00e9ristiques de s\u00e9curit\u00e9 renforc\u00e9es, on trouve un rail fixe (c\u00f4t\u00e9 non abaissable) et deux roues de s\u00e9curit\u00e9 \u00e0 capot verrouillables. Dimensions du produit\u00a0: 137\u00a0cm (L) x 79\u00a0cm (l) x 117\u00a0cm (H)\u00a0; poids maximal\u00a0: 22,7\u00a0kg (50\u00a0lb). Nous recommandons le matelas pour lit de b\u00e9b\u00e9 Dream On Me, non toxique et certifi\u00e9 Greenguard Gold (vendu s\u00e9par\u00e9ment), pour un ajustement parfait. Tous les outils de montage sont fournis.<\/p>\n<p><\/p>\n<p class=\"jpma-ggg\" style=\"text-align: center;\"><a href=\"https:\/\/dreamonme.com\/jpma-certification\/\" target=\"_blank\" rel=\"noopener noreferrer\"><img decoding=\"async\" class=\"finalist\" style=\"max-width: 128px !important; width: 30%; display: inline-block; padding: 5px;\" src=\"https:\/\/dreamonme.ca\/wp-content\/uploads\/JPMA-Certified-01.png\" alt=\"JPMA Certified\" \/><\/a><a href=\"https:\/\/dreamonme.com\/what-is-greenguard-gold-certification\/\" target=\"_blank\" rel=\"noopener noreferrer\"><img decoding=\"async\" class=\"finalist\" style=\"max-width: 128px !important; margin-top: 5px; margin-left: 30px; width: 30%; display: inline-block; padding: 5px;\" src=\"https:\/\/dreamonme.ca\/wp-content\/uploads\/Greenguard-Gold-Logo-01.png\" alt=\"GREENGUARD GOLD Certified\" \/><\/a><\/p>","protected":false},"excerpt":{"rendered":"<p>With its compact folding system, the Dream On Me Full Size 2-in-1 Folding Stationary Side Crib is ideal for small spaces! It has a convenient 2-position folding crib. Once your child outgrows it, the patented folding system allows you to fold it without disassembly and store. It\u2019s lightweight and mobile and folds flat for storage [&hellip;]<\/p>","protected":false},"featured_media":43955,"comment_status":"closed","ping_status":"closed","template":"","meta":[],"product_cat":[16],"product_tag":[],"class_list":["post-904","product","type-product","status-publish","has-post-thumbnail","hentry","product_cat-portable-cribs"],"_links":{"self":[{"href":"https:\/\/www.dreamonme.ca\/fr\/wp-json\/wp\/v2\/product\/904","targetHints":{"allow":["GET"]}}],"collection":[{"href":"https:\/\/www.dreamonme.ca\/fr\/wp-json\/wp\/v2\/product"}],"about":[{"href":"https:\/\/www.dreamonme.ca\/fr\/wp-json\/wp\/v2\/types\/product"}],"replies":[{"embeddable":true,"href":"https:\/\/www.dreamonme.ca\/fr\/wp-json\/wp\/v2\/comments?post=904"}],"wp:featuredmedia":[{"embeddable":true,"href":"https:\/\/www.dreamonme.ca\/fr\/wp-json\/wp\/v2\/media\/43955"}],"wp:attachment":[{"href":"https:\/\/www.dreamonme.ca\/fr\/wp-json\/wp\/v2\/media?parent=904"}],"wp:term":[{"taxonomy":"product_cat","embeddable":true,"href":"https:\/\/www.dreamonme.ca\/fr\/wp-json\/wp\/v2\/product_cat?post=904"},{"taxonomy":"product_tag","embeddable":true,"href":"https:\/\/www.dreamonme.ca\/fr\/wp-json\/wp\/v2\/product_tag?post=904"}],"curies":[{"name":"wp","href":"https:\/\/api.w.org\/{rel}","templated":true}]}}